{"id":10234,"date":"2018-08-23T15:18:12","date_gmt":"2018-08-23T15:18:12","guid":{"rendered":"https:\/\/www.kathontravel.com\/accueil\/"},"modified":"2024-05-11T20:40:44","modified_gmt":"2024-05-11T20:40:44","slug":"accueil","status":"publish","type":"page","link":"https:\/\/www.kathontravel.com\/fr\/","title":{"rendered":"Accueil"},"content":{"rendered":"\t\t<div data-elementor-type=\"wp-page\" data-elementor-id=\"10234\" class=\"elementor elementor-10234 elementor-610\">\n\t\t\t\t\t\t\t\t\t<section class=\"elementor-section elementor-top-section elementor-element elementor-element-e1f5393 elementor-section-height-min-height\" data-id=\"e1f5393\" data-element_type=\"section\" data-settings=\"{&quot;background_background&quot;:&quot;classic&quot;}\">\n\t\t\t\t\t\t<div class=\"elementor-container elementor-column-gap-\">\n\t\t\t\t\t<div class=\"elementor-column elementor-col-100 elementor-top-column elementor-element elementor-element-c36ce6c\" data-id=\"c36ce6c\" data-element_type=\"column\">\n\t\t\t<div class=\"elementor-widget-wrap\">\n\t\t\t\t\t\t\t\t\t<\/div>\n\t\t<\/div>\n\t\t\t\t\t\t\t<\/div>\n\t\t<\/section>\n\t\t<div class=\"elementor-element elementor-element-467c2bf e-con-full e-con e-parent\" data-id=\"467c2bf\" data-element_type=\"container\" data-settings=\"{&quot;background_background&quot;:&quot;classic&quot;,&quot;content_width&quot;:&quot;full&quot;,&quot;position&quot;:&quot;absolute&quot;}\" data-core-v316-plus=\"true\">\n\t\t\t\t<\/div>\n\t\t\t\t<section class=\"elementor-section elementor-top-section elementor-element elementor-element-78c12a5 mkdf-row-grid-section\" data-id=\"78c12a5\" data-element_type=\"section\">\n\t\t\t\t\t\t<div class=\"elementor-container elementor-column-gap-\">\n\t\t\t\t\t<div class=\"elementor-column elementor-col-33 elementor-top-column elementor-element elementor-element-8829246\" data-id=\"8829246\" data-element_type=\"column\">\n\t\t\t<div class=\"elementor-widget-wrap\">\n\t\t\t\t\t\t\t\t\t<\/div>\n\t\t<\/div>\n\t\t\t\t<div class=\"elementor-column elementor-col-33 elementor-top-column elementor-element elementor-element-546a0a4\" data-id=\"546a0a4\" data-element_type=\"column\">\n\t\t\t<div class=\"elementor-widget-wrap elementor-element-populated\">\n\t\t\t\t\t\t\t\t<div class=\"elementor-element elementor-element-ed38c23 en-lang-only elementor-widget elementor-widget-mkdf_section_title\" data-id=\"ed38c23\" data-element_type=\"widget\" data-widget_type=\"mkdf_section_title.default\">\n\t\t\t\t<div class=\"elementor-widget-container\">\n\t\t\t<div class=\"mkdf-section-title-holder  mkdf-st-standard mkdf-st-title-left mkdf-st-normal-space \" >\n\t<div class=\"mkdf-st-inner\">\n\t\t\t\t\t<h3 class=\"mkdf-st-title\" >\n\t\t\t\tfeature in <\/br> canada net traveller\t\t\t<\/h3>\n\t\t\t\t\t<\/div>\n<\/div>\t\t<\/div>\n\t\t\t\t<\/div>\n\t\t\t\t<div class=\"elementor-element elementor-element-3525a1c fr-lang-only elementor-widget elementor-widget-mkdf_section_title\" data-id=\"3525a1c\" data-element_type=\"widget\" data-widget_type=\"mkdf_section_title.default\">\n\t\t\t\t<div class=\"elementor-widget-container\">\n\t\t\t<div class=\"mkdf-section-title-holder  mkdf-st-standard mkdf-st-title-left mkdf-st-normal-space \" >\n\t<div class=\"mkdf-st-inner\">\n\t\t\t\t\t<h3 class=\"mkdf-st-title\" >\n\t\t\t\ten vedette dans <\/br> canada net traveller\t\t\t<\/h3>\n\t\t\t\t\t<\/div>\n<\/div>\t\t<\/div>\n\t\t\t\t<\/div>\n\t\t\t\t<div class=\"elementor-element elementor-element-b52fdaf elementor-widget elementor-widget-image\" data-id=\"b52fdaf\" data-element_type=\"widget\" data-widget_type=\"image.default\">\n\t\t\t\t<div class=\"elementor-widget-container\">\n\t\t\t<style>\/*! elementor - v3.18.0 - 20-12-2023 *\/\n.elementor-widget-image{text-align:center}.elementor-widget-image a{display:inline-block}.elementor-widget-image a img[src$=\".svg\"]{width:48px}.elementor-widget-image img{vertical-align:middle;display:inline-block}<\/style>\t\t\t\t\t\t\t\t\t\t\t\t\t<a href=\"http:\/\/kathontravel.local\/wp-content\/uploads\/2023\/12\/CN-TRAVELSPECIALISTS-2023-SEAL-OUTLINE.jpeg\">\n\t\t\t\t\t\t\t<img fetchpriority=\"high\" decoding=\"async\" width=\"300\" height=\"300\" src=\"https:\/\/www.kathontravel.com\/wp-content\/uploads\/2023\/12\/CN-TRAVELSPECIALISTS-2023-SEAL-OUTLINE-300x300.jpeg\" class=\"attachment-medium size-medium wp-image-8330\" alt=\"\" srcset=\"https:\/\/www.kathontravel.com\/wp-content\/uploads\/2023\/12\/CN-TRAVELSPECIALISTS-2023-SEAL-OUTLINE-300x300.jpeg 300w, https:\/\/www.kathontravel.com\/wp-content\/uploads\/2023\/12\/CN-TRAVELSPECIALISTS-2023-SEAL-OUTLINE-1024x1024.jpeg 1024w, https:\/\/www.kathontravel.com\/wp-content\/uploads\/2023\/12\/CN-TRAVELSPECIALISTS-2023-SEAL-OUTLINE-150x150.jpeg 150w, https:\/\/www.kathontravel.com\/wp-content\/uploads\/2023\/12\/CN-TRAVELSPECIALISTS-2023-SEAL-OUTLINE-768x768.jpeg 768w, https:\/\/www.kathontravel.com\/wp-content\/uploads\/2023\/12\/CN-TRAVELSPECIALISTS-2023-SEAL-OUTLINE-650x650.jpeg 650w, https:\/\/www.kathontravel.com\/wp-content\/uploads\/2023\/12\/CN-TRAVELSPECIALISTS-2023-SEAL-OUTLINE.jpeg 1112w\" sizes=\"(max-width: 300px) 100vw, 300px\" \/>\t\t\t\t\t\t\t\t<\/a>\n\t\t\t\t\t\t\t\t\t\t\t\t\t\t\t<\/div>\n\t\t\t\t<\/div>\n\t\t\t\t\t<\/div>\n\t\t<\/div>\n\t\t\t\t<div class=\"elementor-column elementor-col-33 elementor-top-column elementor-element elementor-element-b84cef0\" data-id=\"b84cef0\" data-element_type=\"column\">\n\t\t\t<div class=\"elementor-widget-wrap\">\n\t\t\t\t\t\t\t\t\t<\/div>\n\t\t<\/div>\n\t\t\t\t\t\t\t<\/div>\n\t\t<\/section>\n\t\t\t\t<section class=\"elementor-section elementor-top-section elementor-element elementor-element-3d6fa007 mkdf-row-grid-section\" data-id=\"3d6fa007\" data-element_type=\"section\">\n\t\t\t\t\t\t<div class=\"elementor-container elementor-column-gap-\">\n\t\t\t\t\t<div class=\"elementor-column elementor-col-100 elementor-top-column elementor-element elementor-element-5ab65e59\" data-id=\"5ab65e59\" data-element_type=\"column\">\n\t\t\t<div class=\"elementor-widget-wrap elementor-element-populated\">\n\t\t\t\t\t\t\t\t<div class=\"elementor-element elementor-element-ba9b3d9 en-lang-only elementor-widget elementor-widget-mkdf_blog_slider\" data-id=\"ba9b3d9\" data-element_type=\"widget\" data-widget_type=\"mkdf_blog_slider.default\">\n\t\t\t\t<div class=\"elementor-widget-container\">\n\t\t\t<div class=\"mkdf-blog-slider-holder mkdf-bs-slider\">\n\t<ul class=\"mkdf-blog-slider mkdf-owl-slider\" data-number-of-items=\"1\" data-enable-pagination=\"no\">\n\t\t\t\t\t<div class=\"mkdf-blog-slider-message\">\n\t\t\t\t<p>No posts were found.<\/p>\n\t\t\t<\/div>\n\t\t\t<\/ul>\n<\/div>\n\t\t<\/div>\n\t\t\t\t<\/div>\n\t\t\t\t\t<\/div>\n\t\t<\/div>\n\t\t\t\t\t\t\t<\/div>\n\t\t<\/section>\n\t\t\t\t<section class=\"elementor-section elementor-top-section elementor-element elementor-element-42aeffa5 elementor-section-full_width\" data-id=\"42aeffa5\" data-element_type=\"section\" data-settings=\"{&quot;background_background&quot;:&quot;classic&quot;}\">\n\t\t\t\t\t\t<div class=\"elementor-container elementor-column-gap-\">\n\t\t\t\t\t<div class=\"elementor-column elementor-col-100 elementor-top-column elementor-element elementor-element-781bf6bc\" data-id=\"781bf6bc\" data-element_type=\"column\" data-settings=\"{&quot;background_background&quot;:&quot;classic&quot;}\">\n\t\t\t<div class=\"elementor-widget-wrap elementor-element-populated\">\n\t\t\t\t\t\t\t\t<div class=\"elementor-element elementor-element-3ad95084 en-lang-only elementor-widget elementor-widget-mkdf_section_title\" data-id=\"3ad95084\" data-element_type=\"widget\" data-widget_type=\"mkdf_section_title.default\">\n\t\t\t\t<div class=\"elementor-widget-container\">\n\t\t\t<div class=\"mkdf-section-title-holder  mkdf-st-standard mkdf-st-title-left mkdf-st-normal-space \" >\n\t<div class=\"mkdf-st-inner\">\n\t\t\t\t\t<h2 class=\"mkdf-st-title\" >\n\t\t\t\tmy latest travels\t\t\t<\/h2>\n\t\t\t\t\t<\/div>\n<\/div>\t\t<\/div>\n\t\t\t\t<\/div>\n\t\t\t\t<div class=\"elementor-element elementor-element-aa384c0 fr-lang-only elementor-widget elementor-widget-mkdf_section_title\" data-id=\"aa384c0\" data-element_type=\"widget\" data-widget_type=\"mkdf_section_title.default\">\n\t\t\t\t<div class=\"elementor-widget-container\">\n\t\t\t<div class=\"mkdf-section-title-holder  mkdf-st-standard mkdf-st-title-left mkdf-st-normal-space \" >\n\t<div class=\"mkdf-st-inner\">\n\t\t\t\t\t<h2 class=\"mkdf-st-title\" >\n\t\t\t\tmes aventures r\u00e9centes\t\t\t<\/h2>\n\t\t\t\t\t<\/div>\n<\/div>\t\t<\/div>\n\t\t\t\t<\/div>\n\t\t\t\t<div class=\"elementor-element elementor-element-5e89d2a1 en-lang-only elementor-widget elementor-widget-mkdf_horizontal_timeline\" data-id=\"5e89d2a1\" data-element_type=\"widget\" data-widget_type=\"mkdf_horizontal_timeline.default\">\n\t\t\t\t<div class=\"elementor-widget-container\">\n\t\t\t\n        <div class=\"mkdf-horizontal-timeline-wrapper\">\n            <div class=\"mkdf-horizontal-timeline\">\n                <a class=\"mkdf-ht-content-item\" href=\"\" target=\"_self\">\n\t<div class=\"mkdf-hti-content-item-inner 1\">\n        <div class=\"mkdf-hti-content-item-wrap\">\n                            <div class=\"mkdf-hti-content-image\">\n                    <img decoding=\"async\" width=\"1200\" height=\"800\" src=\"https:\/\/www.kathontravel.com\/wp-content\/uploads\/2023\/12\/Flag_of_Spain.svg_.png\" class=\"attachment-full size-full\" alt=\"\" srcset=\"https:\/\/www.kathontravel.com\/wp-content\/uploads\/2023\/12\/Flag_of_Spain.svg_.png 1200w, https:\/\/www.kathontravel.com\/wp-content\/uploads\/2023\/12\/Flag_of_Spain.svg_-300x200.png 300w, https:\/\/www.kathontravel.com\/wp-content\/uploads\/2023\/12\/Flag_of_Spain.svg_-1024x683.png 1024w, https:\/\/www.kathontravel.com\/wp-content\/uploads\/2023\/12\/Flag_of_Spain.svg_-768x512.png 768w\" sizes=\"(max-width: 1200px) 100vw, 1200px\" \/>                <\/div>\n                        <div class=\"mkdf-hti-content-value\">\n                <h6 class=\"mkdf-hti-title\">Spain<\/h6>\n                <p class=\"mkdf-hti-subtitle\"><\/p>\n            <\/div>\n        <\/div>\n        <div class=\"mkdf-hti-pin\"><\/div>\n\t<\/div>\n<\/a><a class=\"mkdf-ht-content-item\" href=\"\" target=\"_self\">\n\t<div class=\"mkdf-hti-content-item-inner 1\">\n        <div class=\"mkdf-hti-content-item-wrap\">\n                            <div class=\"mkdf-hti-content-image\">\n                    <img decoding=\"async\" width=\"1200\" height=\"800\" src=\"https:\/\/www.kathontravel.com\/wp-content\/uploads\/2023\/12\/Australian_Country_Flag_1200x1200.webp\" class=\"attachment-full size-full\" alt=\"\" srcset=\"https:\/\/www.kathontravel.com\/wp-content\/uploads\/2023\/12\/Australian_Country_Flag_1200x1200.webp 1200w, https:\/\/www.kathontravel.com\/wp-content\/uploads\/2023\/12\/Australian_Country_Flag_1200x1200-300x200.webp 300w, https:\/\/www.kathontravel.com\/wp-content\/uploads\/2023\/12\/Australian_Country_Flag_1200x1200-1024x683.webp 1024w, https:\/\/www.kathontravel.com\/wp-content\/uploads\/2023\/12\/Australian_Country_Flag_1200x1200-768x512.webp 768w\" sizes=\"(max-width: 1200px) 100vw, 1200px\" \/>                <\/div>\n                        <div class=\"mkdf-hti-content-value\">\n                <h6 class=\"mkdf-hti-title\">Australia<\/h6>\n                <p class=\"mkdf-hti-subtitle\"><\/p>\n            <\/div>\n        <\/div>\n        <div class=\"mkdf-hti-pin\"><\/div>\n\t<\/div>\n<\/a><a class=\"mkdf-ht-content-item\" href=\"\" target=\"_self\">\n\t<div class=\"mkdf-hti-content-item-inner 1\">\n        <div class=\"mkdf-hti-content-item-wrap\">\n                            <div class=\"mkdf-hti-content-image\">\n                    <img loading=\"lazy\" decoding=\"async\" width=\"800\" height=\"534\" src=\"https:\/\/www.kathontravel.com\/wp-content\/uploads\/2023\/12\/Flag-Peru.webp\" class=\"attachment-full size-full\" alt=\"\" srcset=\"https:\/\/www.kathontravel.com\/wp-content\/uploads\/2023\/12\/Flag-Peru.webp 800w, https:\/\/www.kathontravel.com\/wp-content\/uploads\/2023\/12\/Flag-Peru-300x200.webp 300w, https:\/\/www.kathontravel.com\/wp-content\/uploads\/2023\/12\/Flag-Peru-768x513.webp 768w\" sizes=\"(max-width: 800px) 100vw, 800px\" \/>                <\/div>\n                        <div class=\"mkdf-hti-content-value\">\n                <h6 class=\"mkdf-hti-title\">Peru<\/h6>\n                <p class=\"mkdf-hti-subtitle\"><\/p>\n            <\/div>\n        <\/div>\n        <div class=\"mkdf-hti-pin\"><\/div>\n\t<\/div>\n<\/a><a class=\"mkdf-ht-content-item\" href=\"\" target=\"_self\">\n\t<div class=\"mkdf-hti-content-item-inner 1\">\n        <div class=\"mkdf-hti-content-item-wrap\">\n                            <div class=\"mkdf-hti-content-image\">\n                    <img loading=\"lazy\" decoding=\"async\" width=\"800\" height=\"534\" src=\"https:\/\/www.kathontravel.com\/wp-content\/uploads\/2023\/12\/Flag-Thailand.webp\" class=\"attachment-full size-full\" alt=\"\" srcset=\"https:\/\/www.kathontravel.com\/wp-content\/uploads\/2023\/12\/Flag-Thailand.webp 800w, https:\/\/www.kathontravel.com\/wp-content\/uploads\/2023\/12\/Flag-Thailand-300x200.webp 300w, https:\/\/www.kathontravel.com\/wp-content\/uploads\/2023\/12\/Flag-Thailand-768x513.webp 768w\" sizes=\"(max-width: 800px) 100vw, 800px\" \/>                <\/div>\n                        <div class=\"mkdf-hti-content-value\">\n                <h6 class=\"mkdf-hti-title\">Thailand<\/h6>\n                <p class=\"mkdf-hti-subtitle\"><\/p>\n            <\/div>\n        <\/div>\n        <div class=\"mkdf-hti-pin\"><\/div>\n\t<\/div>\n<\/a>            <\/div>\n        <\/div>\n\n        \t\t<\/div>\n\t\t\t\t<\/div>\n\t\t\t\t<div class=\"elementor-element elementor-element-fa53b3d fr-lang-only elementor-widget elementor-widget-mkdf_horizontal_timeline\" data-id=\"fa53b3d\" data-element_type=\"widget\" data-widget_type=\"mkdf_horizontal_timeline.default\">\n\t\t\t\t<div class=\"elementor-widget-container\">\n\t\t\t\n        <div class=\"mkdf-horizontal-timeline-wrapper\">\n            <div class=\"mkdf-horizontal-timeline\">\n                <a class=\"mkdf-ht-content-item\" href=\"\" target=\"_self\">\n\t<div class=\"mkdf-hti-content-item-inner 1\">\n        <div class=\"mkdf-hti-content-item-wrap\">\n                            <div class=\"mkdf-hti-content-image\">\n                    <img decoding=\"async\" width=\"1200\" height=\"800\" src=\"https:\/\/www.kathontravel.com\/wp-content\/uploads\/2023\/12\/Flag_of_Spain.svg_.png\" class=\"attachment-full size-full\" alt=\"\" srcset=\"https:\/\/www.kathontravel.com\/wp-content\/uploads\/2023\/12\/Flag_of_Spain.svg_.png 1200w, https:\/\/www.kathontravel.com\/wp-content\/uploads\/2023\/12\/Flag_of_Spain.svg_-300x200.png 300w, https:\/\/www.kathontravel.com\/wp-content\/uploads\/2023\/12\/Flag_of_Spain.svg_-1024x683.png 1024w, https:\/\/www.kathontravel.com\/wp-content\/uploads\/2023\/12\/Flag_of_Spain.svg_-768x512.png 768w\" sizes=\"(max-width: 1200px) 100vw, 1200px\" \/>                <\/div>\n                        <div class=\"mkdf-hti-content-value\">\n                <h6 class=\"mkdf-hti-title\">Espagne<\/h6>\n                <p class=\"mkdf-hti-subtitle\"><\/p>\n            <\/div>\n        <\/div>\n        <div class=\"mkdf-hti-pin\"><\/div>\n\t<\/div>\n<\/a><a class=\"mkdf-ht-content-item\" href=\"\" target=\"_self\">\n\t<div class=\"mkdf-hti-content-item-inner 1\">\n        <div class=\"mkdf-hti-content-item-wrap\">\n                            <div class=\"mkdf-hti-content-image\">\n                    <img decoding=\"async\" width=\"1200\" height=\"800\" src=\"https:\/\/www.kathontravel.com\/wp-content\/uploads\/2023\/12\/Australian_Country_Flag_1200x1200.webp\" class=\"attachment-full size-full\" alt=\"\" srcset=\"https:\/\/www.kathontravel.com\/wp-content\/uploads\/2023\/12\/Australian_Country_Flag_1200x1200.webp 1200w, https:\/\/www.kathontravel.com\/wp-content\/uploads\/2023\/12\/Australian_Country_Flag_1200x1200-300x200.webp 300w, https:\/\/www.kathontravel.com\/wp-content\/uploads\/2023\/12\/Australian_Country_Flag_1200x1200-1024x683.webp 1024w, https:\/\/www.kathontravel.com\/wp-content\/uploads\/2023\/12\/Australian_Country_Flag_1200x1200-768x512.webp 768w\" sizes=\"(max-width: 1200px) 100vw, 1200px\" \/>                <\/div>\n                        <div class=\"mkdf-hti-content-value\">\n                <h6 class=\"mkdf-hti-title\">Australie<\/h6>\n                <p class=\"mkdf-hti-subtitle\"><\/p>\n            <\/div>\n        <\/div>\n        <div class=\"mkdf-hti-pin\"><\/div>\n\t<\/div>\n<\/a><a class=\"mkdf-ht-content-item\" href=\"\" target=\"_self\">\n\t<div class=\"mkdf-hti-content-item-inner 1\">\n        <div class=\"mkdf-hti-content-item-wrap\">\n                            <div class=\"mkdf-hti-content-image\">\n                    <img loading=\"lazy\" decoding=\"async\" width=\"800\" height=\"534\" src=\"https:\/\/www.kathontravel.com\/wp-content\/uploads\/2023\/12\/Flag-Peru.webp\" class=\"attachment-full size-full\" alt=\"\" srcset=\"https:\/\/www.kathontravel.com\/wp-content\/uploads\/2023\/12\/Flag-Peru.webp 800w, https:\/\/www.kathontravel.com\/wp-content\/uploads\/2023\/12\/Flag-Peru-300x200.webp 300w, https:\/\/www.kathontravel.com\/wp-content\/uploads\/2023\/12\/Flag-Peru-768x513.webp 768w\" sizes=\"(max-width: 800px) 100vw, 800px\" \/>                <\/div>\n                        <div class=\"mkdf-hti-content-value\">\n                <h6 class=\"mkdf-hti-title\">P\u00e9rou<\/h6>\n                <p class=\"mkdf-hti-subtitle\"><\/p>\n            <\/div>\n        <\/div>\n        <div class=\"mkdf-hti-pin\"><\/div>\n\t<\/div>\n<\/a><a class=\"mkdf-ht-content-item\" href=\"\" target=\"_self\">\n\t<div class=\"mkdf-hti-content-item-inner 1\">\n        <div class=\"mkdf-hti-content-item-wrap\">\n                            <div class=\"mkdf-hti-content-image\">\n                    <img loading=\"lazy\" decoding=\"async\" width=\"800\" height=\"534\" src=\"https:\/\/www.kathontravel.com\/wp-content\/uploads\/2023\/12\/Flag-Thailand.webp\" class=\"attachment-full size-full\" alt=\"\" srcset=\"https:\/\/www.kathontravel.com\/wp-content\/uploads\/2023\/12\/Flag-Thailand.webp 800w, https:\/\/www.kathontravel.com\/wp-content\/uploads\/2023\/12\/Flag-Thailand-300x200.webp 300w, https:\/\/www.kathontravel.com\/wp-content\/uploads\/2023\/12\/Flag-Thailand-768x513.webp 768w\" sizes=\"(max-width: 800px) 100vw, 800px\" \/>                <\/div>\n                        <div class=\"mkdf-hti-content-value\">\n                <h6 class=\"mkdf-hti-title\">Thailande<\/h6>\n                <p class=\"mkdf-hti-subtitle\"><\/p>\n            <\/div>\n        <\/div>\n        <div class=\"mkdf-hti-pin\"><\/div>\n\t<\/div>\n<\/a>            <\/div>\n        <\/div>\n\n        \t\t<\/div>\n\t\t\t\t<\/div>\n\t\t\t\t\t<\/div>\n\t\t<\/div>\n\t\t\t\t\t\t\t<\/div>\n\t\t<\/section>\n\t\t\t\t<section class=\"elementor-section elementor-top-section elementor-element elementor-element-370f7b8c elementor-section-content-middle mkdf-row-grid-section\" data-id=\"370f7b8c\" data-element_type=\"section\">\n\t\t\t\t\t\t<div class=\"elementor-container elementor-column-gap-\">\n\t\t\t\t\t<div class=\"elementor-column elementor-col-50 elementor-top-column elementor-element elementor-element-5cc7084a\" data-id=\"5cc7084a\" data-element_type=\"column\">\n\t\t\t<div class=\"elementor-widget-wrap elementor-element-populated\">\n\t\t\t\t\t\t\t\t<div class=\"elementor-element elementor-element-1ac8b775 elementor-widget elementor-widget-text-editor\" data-id=\"1ac8b775\" data-element_type=\"widget\" data-widget_type=\"text-editor.default\">\n\t\t\t\t<div class=\"elementor-widget-container\">\n\t\t\t<style>\/*! elementor - v3.18.0 - 20-12-2023 *\/\n.elementor-widget-text-editor.elementor-drop-cap-view-stacked .elementor-drop-cap{background-color:#69727d;color:#fff}.elementor-widget-text-editor.elementor-drop-cap-view-framed .elementor-drop-cap{color:#69727d;border:3px solid;background-color:transparent}.elementor-widget-text-editor:not(.elementor-drop-cap-view-default) .elementor-drop-cap{margin-top:8px}.elementor-widget-text-editor:not(.elementor-drop-cap-view-default) .elementor-drop-cap-letter{width:1em;height:1em}.elementor-widget-text-editor .elementor-drop-cap{float:left;text-align:center;line-height:1;font-size:50px}.elementor-widget-text-editor .elementor-drop-cap-letter{display:inline-block}<\/style>\t\t\t\t<h2>Bonjour, je suis Katherine!<br \/>Allons voyager!<\/h2>\n\t\t\t\t\t\t<\/div>\n\t\t\t\t<\/div>\n\t\t\t\t<div class=\"elementor-element elementor-element-1b8cc0eb elementor-widget elementor-widget-text-editor\" data-id=\"1b8cc0eb\" data-element_type=\"widget\" data-widget_type=\"text-editor.default\">\n\t\t\t\t<div class=\"elementor-widget-container\">\n\t\t\t\t\t\t\t<div class=\"wpb_text_column wpb_content_element \">\n<div class=\"wpb_wrapper\">\n<p>Depuis plus de 30 ans, je suis agent de voyage et grand voyageur. J&rsquo;ai \u00e9t\u00e9 une source utile pour ceux qui cherchent de l&rsquo;inspiration, des conseils et de l&rsquo;aide pour r\u00e9aliser leurs r\u00eaves de voyage. J&rsquo;ai d\u00e9cid\u00e9 de cr\u00e9er KATHonTRAVEL afin de donner aux autres un aper\u00e7u de ce qui se passe dans ma t\u00eate et, je l&rsquo;esp\u00e8re, de vous offrir un guichet unique pour trouver toutes les informations dont vous avez besoin pour voyager dans ce monde fou dans lequel nous vivons&#8230;.<\/p>\n<\/div>\n<\/div>\n\t\t\t\t\t\t<\/div>\n\t\t\t\t<\/div>\n\t\t\t\t<div class=\"elementor-element elementor-element-236065f0 elementor-widget elementor-widget-text-editor\" data-id=\"236065f0\" data-element_type=\"widget\" data-widget_type=\"text-editor.default\">\n\t\t\t\t<div class=\"elementor-widget-container\">\n\t\t\t\t\t\t\t<div class=\"wpb_text_column wpb_content_element \">\n<div class=\"wpb_wrapper\">\n<div class=\"mkdf-elements-holder mkdf-one-column mkdf-responsive-mode-768 \">\n<div class=\"mkdf-eh-item \" data-item-class=\"mkdf-eh-custom-2585\">\n<div class=\"mkdf-eh-item-inner\">\n<div class=\"mkdf-eh-item-content mkdf-eh-custom-2585\">\n<div class=\"wpb_text_column wpb_content_element \">\n<div class=\"wpb_wrapper\">\n<p>En savoir plus <a href=\"http:\/\/kathontravel.local\/about\/\">\u00c0 propos<\/a> de moi.<\/p>\n<\/div>\n<\/div>\n<\/div>\n<\/div>\n<\/div>\n<\/div>\n<\/div>\n<\/div>\n\t\t\t\t\t\t<\/div>\n\t\t\t\t<\/div>\n\t\t\t\t<div class=\"elementor-element elementor-element-4cf44de2 elementor-widget elementor-widget-mkdf_custom_font\" data-id=\"4cf44de2\" data-element_type=\"widget\" data-widget_type=\"mkdf_custom_font.default\">\n\t\t\t\t<div class=\"elementor-widget-container\">\n\t\t\t<h2 class=\"mkdf-custom-font-holder  mkdf-cf-1638  \" style=\"font-family: EpicRide;font-size: 54px;line-height: 64px;font-weight: 400;letter-spacing: 0px;text-transform: capitalize\" data-item-class=\"mkdf-cf-1638\">\n\tKatherine Velan<\/h2>\t\t<\/div>\n\t\t\t\t<\/div>\n\t\t\t\t\t<\/div>\n\t\t<\/div>\n\t\t\t\t<div class=\"elementor-column elementor-col-50 elementor-top-column elementor-element elementor-element-b79ba2b\" data-id=\"b79ba2b\" data-element_type=\"column\">\n\t\t\t<div class=\"elementor-widget-wrap elementor-element-populated\">\n\t\t\t\t\t\t\t\t<div class=\"elementor-element elementor-element-b3402ca elementor-widget__width-initial elementor-widget elementor-widget-image\" data-id=\"b3402ca\" data-element_type=\"widget\" data-widget_type=\"image.default\">\n\t\t\t\t<div class=\"elementor-widget-container\">\n\t\t\t\t\t\t\t\t\t\t\t\t\t\t\t\t<a href=\"http:\/\/kathontravel.local\/wp-content\/uploads\/2023\/12\/katherine-velan.jpg\">\n\t\t\t\t\t\t\t<img loading=\"lazy\" decoding=\"async\" width=\"1333\" height=\"1333\" src=\"https:\/\/www.kathontravel.com\/wp-content\/uploads\/2023\/12\/katherine-velan.jpg\" class=\"attachment-full size-full wp-image-8272\" alt=\"\" srcset=\"https:\/\/www.kathontravel.com\/wp-content\/uploads\/2023\/12\/katherine-velan.jpg 1333w, https:\/\/www.kathontravel.com\/wp-content\/uploads\/2023\/12\/katherine-velan-300x300.jpg 300w, https:\/\/www.kathontravel.com\/wp-content\/uploads\/2023\/12\/katherine-velan-1024x1024.jpg 1024w, https:\/\/www.kathontravel.com\/wp-content\/uploads\/2023\/12\/katherine-velan-150x150.jpg 150w, https:\/\/www.kathontravel.com\/wp-content\/uploads\/2023\/12\/katherine-velan-768x768.jpg 768w, https:\/\/www.kathontravel.com\/wp-content\/uploads\/2023\/12\/katherine-velan-650x650.jpg 650w, https:\/\/www.kathontravel.com\/wp-content\/uploads\/2023\/12\/katherine-velan-1300x1300.jpg 1300w\" sizes=\"(max-width: 1333px) 100vw, 1333px\" \/>\t\t\t\t\t\t\t\t<\/a>\n\t\t\t\t\t\t\t\t\t\t\t\t\t\t\t<\/div>\n\t\t\t\t<\/div>\n\t\t\t\t\t<\/div>\n\t\t<\/div>\n\t\t\t\t\t\t\t<\/div>\n\t\t<\/section>\n\t\t<div class=\"elementor-element elementor-element-b8902d4 e-con e-parent\" data-id=\"b8902d4\" data-element_type=\"container\" data-core-v316-plus=\"true\">\n\t\t\t\t<div class=\"elementor-element elementor-element-511c463 elementor-widget elementor-widget-mkdf_banner\" data-id=\"511c463\" data-element_type=\"widget\" data-widget_type=\"mkdf_banner.default\">\n\t\t\t\t<div class=\"elementor-widget-container\">\n\t\t\t<div class=\"mkdf-banner-holder  mkdf-visible-on-hover mkdf-banner-info-default\">\n    <div class=\"mkdf-banner-image\">\n            <\/div>\n    <div class=\"mkdf-banner-text-holder\" >\n\t    <div class=\"mkdf-banner-text-outer\">\n\t\t    <div class=\"mkdf-banner-text-inner\">\n\t\t        \t\t        \t\t\t\t\t\t\t<\/div>\n\t\t<\/div>\n\t<\/div>\n\t<\/div>\t\t<\/div>\n\t\t\t\t<\/div>\n\t\t\t\t<\/div>\n\t\t\t\t\t\t\t<\/div>\n\t\t","protected":false},"excerpt":{"rendered":"<p>feature in canada net traveller en vedette dans canada net traveller The Most Beautiful UNESCO World Heritage Sites Unesco has done a marvelous job dictating where I travel by having these amazing sites preserved to give us a glimpse into [&hellip;]<\/p>\n","protected":false},"author":1,"featured_media":0,"parent":0,"menu_order":0,"comment_status":"closed","ping_status":"closed","template":"elementor_header_footer","meta":{"footnotes":""},"class_list":["post-10234","page","type-page","status-publish","hentry"],"_links":{"self":[{"href":"https:\/\/www.kathontravel.com\/fr\/wp-json\/wp\/v2\/pages\/10234","targetHints":{"allow":["GET"]}}],"collection":[{"href":"https:\/\/www.kathontravel.com\/fr\/wp-json\/wp\/v2\/pages"}],"about":[{"href":"https:\/\/www.kathontravel.com\/fr\/wp-json\/wp\/v2\/types\/page"}],"author":[{"embeddable":true,"href":"https:\/\/www.kathontravel.com\/fr\/wp-json\/wp\/v2\/users\/1"}],"replies":[{"embeddable":true,"href":"https:\/\/www.kathontravel.com\/fr\/wp-json\/wp\/v2\/comments?post=10234"}],"version-history":[{"count":15,"href":"https:\/\/www.kathontravel.com\/fr\/wp-json\/wp\/v2\/pages\/10234\/revisions"}],"predecessor-version":[{"id":10395,"href":"https:\/\/www.kathontravel.com\/fr\/wp-json\/wp\/v2\/pages\/10234\/revisions\/10395"}],"wp:attachment":[{"href":"https:\/\/www.kathontravel.com\/fr\/wp-json\/wp\/v2\/media?parent=10234"}],"curies":[{"name":"wp","href":"https:\/\/api.w.org\/{rel}","templated":true}]}}