{"id":10244,"date":"2018-08-20T10:18:07","date_gmt":"2018-08-20T10:18:07","guid":{"rendered":"https:\/\/www.kathontravel.com\/a-propos\/"},"modified":"2024-02-19T16:09:18","modified_gmt":"2024-02-19T16:09:18","slug":"a-propos","status":"publish","type":"page","link":"https:\/\/www.kathontravel.com\/fr\/a-propos\/","title":{"rendered":"\u00c0 propos"},"content":{"rendered":"\t\t<div data-elementor-type=\"wp-page\" data-elementor-id=\"10244\" class=\"elementor elementor-10244 elementor-60\">\n\t\t\t\t\t\t\t\t\t<section class=\"elementor-section elementor-top-section elementor-element elementor-element-31a4609 mkdf-row-grid-section\" data-id=\"31a4609\" data-element_type=\"section\">\n\t\t\t\t\t\t<div class=\"elementor-container elementor-column-gap-\">\n\t\t\t\t\t<div class=\"elementor-column elementor-col-50 elementor-top-column elementor-element elementor-element-d708b16\" data-id=\"d708b16\" data-element_type=\"column\">\n\t\t\t<div class=\"elementor-widget-wrap elementor-element-populated\">\n\t\t\t\t\t\t\t\t<div class=\"elementor-element elementor-element-906c0aa elementor-widget elementor-widget-text-editor\" data-id=\"906c0aa\" data-element_type=\"widget\" data-widget_type=\"text-editor.default\">\n\t\t\t\t<div class=\"elementor-widget-container\">\n\t\t\t<style>\/*! elementor - v3.18.0 - 20-12-2023 *\/\n.elementor-widget-text-editor.elementor-drop-cap-view-stacked .elementor-drop-cap{background-color:#69727d;color:#fff}.elementor-widget-text-editor.elementor-drop-cap-view-framed .elementor-drop-cap{color:#69727d;border:3px solid;background-color:transparent}.elementor-widget-text-editor:not(.elementor-drop-cap-view-default) .elementor-drop-cap{margin-top:8px}.elementor-widget-text-editor:not(.elementor-drop-cap-view-default) .elementor-drop-cap-letter{width:1em;height:1em}.elementor-widget-text-editor .elementor-drop-cap{float:left;text-align:center;line-height:1;font-size:50px}.elementor-widget-text-editor .elementor-drop-cap-letter{display:inline-block}<\/style>\t\t\t\t<h2>Bonjour!<\/h2>\n\t\t\t\t\t\t<\/div>\n\t\t\t\t<\/div>\n\t\t\t\t<div class=\"elementor-element elementor-element-8266d35 elementor-widget elementor-widget-text-editor\" data-id=\"8266d35\" data-element_type=\"widget\" data-widget_type=\"text-editor.default\">\n\t\t\t\t<div class=\"elementor-widget-container\">\n\t\t\t\t\t\t\t<h4>Planificateur, r\u00eaveur et voyageur.<\/h4>\n\t\t\t\t\t\t<\/div>\n\t\t\t\t<\/div>\n\t\t\t\t<div class=\"elementor-element elementor-element-fca5c66 elementor-widget elementor-widget-text-editor\" data-id=\"fca5c66\" data-element_type=\"widget\" data-widget_type=\"text-editor.default\">\n\t\t\t\t<div class=\"elementor-widget-container\">\n\t\t\t\t\t\t\t<div class=\"wpb_text_column wpb_content_element \">\n<div class=\"wpb_wrapper\">\n\nDepuis plus de 30 ans, je suis agent de voyage et grand voyageur. J&rsquo;ai \u00e9t\u00e9 une source utile pour ceux qui cherchent de l&rsquo;inspiration, des conseils et de l&rsquo;aide pour r\u00e9aliser leurs r\u00eaves de voyage. J&rsquo;ai d\u00e9cid\u00e9 de cr\u00e9er KATHonTRAVEL avec pour mission de donner aux autres un aper\u00e7u de ce qui se passe dans ma t\u00eate et, je l&rsquo;esp\u00e8re, de vous offrir un guichet unique pour trouver toutes les informations dont vous avez besoin pour voyager dans ce monde fou dans lequel nous vivons.\n\n<\/div>\n<\/div>\t\t\t\t\t\t<\/div>\n\t\t\t\t<\/div>\n\t\t\t\t<div class=\"elementor-element elementor-element-781f030 elementor-widget elementor-widget-text-editor\" data-id=\"781f030\" data-element_type=\"widget\" data-widget_type=\"text-editor.default\">\n\t\t\t\t<div class=\"elementor-widget-container\">\n\t\t\t\t\t\t\t<div class=\"wpb_text_column wpb_content_element \">\n<div class=\"wpb_wrapper\">\n<div class=\"wpb_text_column wpb_content_element \">\n<div class=\"wpb_wrapper\">\n<p>Pour moi, le voyage est tout &#8211; de l&rsquo;excitation initiale du choix d&rsquo;un lieu \u00e0 la recherche de l&rsquo;h\u00f4tel parfait, en passant par le moyen le plus efficace de se rendre d&rsquo;un point A \u00e0 un point B, les visites uniques et les restaurants sp\u00e9ciaux &#8211; EDUCATE, ENTERTAINMENT and INSPIRE (\u00e9duquer, divertir et inspirer). L&rsquo;anticipation lors de la pr\u00e9paration des bagages et de la v\u00e9rification de la m\u00e9t\u00e9o me donne des papillons. J&rsquo;aime m\u00eame voler, car c&rsquo;est le calme avant la temp\u00eate. Le seul endroit o\u00f9 mes pens\u00e9es sont libres de vagabonder et o\u00f9 l&rsquo;impatience peut s&rsquo;installer. L&rsquo;arriv\u00e9e met tous les sens en \u00e9veil, la sensation palpitante de terres inconnues, les odeurs exotiques, le bavardage de langues \u00e9trang\u00e8res, l&rsquo;architecture unique et le go\u00fbt de la nouveaut\u00e9.L&rsquo;arriv\u00e9e met tous les sens en \u00e9veil, la sensation palpitante de terres inconnues, les odeurs exotiques, le bavardage de langues \u00e9trang\u00e8res, l&rsquo;architecture unique et le go\u00fbt de la nouveaut\u00e9.L&rsquo;arriv\u00e9e met tous les sens en \u00e9veil, la sensation palpitante de terres inconnues, les odeurs exotiques, le bavardage de langues \u00e9trang\u00e8res, l&rsquo;architecture unique et le go\u00fbt de la nouveaut\u00e9. Vous absorbez tout et, avec un peu de chance, vous en gardez une petite partie dans votre c\u0153ur.<\/p>\n<\/div>\n<\/div>\n<\/div>\n<\/div>\n\t\t\t\t\t\t<\/div>\n\t\t\t\t<\/div>\n\t\t\t\t<div class=\"elementor-element elementor-element-48cf910 elementor-widget elementor-widget-text-editor\" data-id=\"48cf910\" data-element_type=\"widget\" data-widget_type=\"text-editor.default\">\n\t\t\t\t<div class=\"elementor-widget-container\">\n\t\t\t\t\t\t\t<p>Explorez mon blog, posez une question, faites une suggestion ou un commentaire &#8211; j&rsquo;aimerais que vous me fassiez part de vos commentaires.<\/p>\n\t\t\t\t\t\t<\/div>\n\t\t\t\t<\/div>\n\t\t\t\t\t<\/div>\n\t\t<\/div>\n\t\t\t\t<div class=\"elementor-column elementor-col-50 elementor-top-column elementor-element elementor-element-ba73eab\" data-id=\"ba73eab\" data-element_type=\"column\">\n\t\t\t<div class=\"elementor-widget-wrap elementor-element-populated\">\n\t\t\t\t\t\t\t\t<section class=\"elementor-section elementor-inner-section elementor-element elementor-element-1c7e079\" data-id=\"1c7e079\" data-element_type=\"section\">\n\t\t\t\t\t\t<div class=\"elementor-container elementor-column-gap-\">\n\t\t\t\t\t<div class=\"elementor-column elementor-col-100 elementor-inner-column elementor-element elementor-element-60f8dd4\" data-id=\"60f8dd4\" data-element_type=\"column\">\n\t\t\t<div class=\"elementor-widget-wrap elementor-element-populated\">\n\t\t\t\t\t\t\t\t<div class=\"elementor-element elementor-element-e3b8609 elementor-widget elementor-widget-image\" data-id=\"e3b8609\" data-element_type=\"widget\" data-widget_type=\"image.default\">\n\t\t\t\t<div class=\"elementor-widget-container\">\n\t\t\t<style>\/*! elementor - v3.18.0 - 20-12-2023 *\/\n.elementor-widget-image{text-align:center}.elementor-widget-image a{display:inline-block}.elementor-widget-image a img[src$=\".svg\"]{width:48px}.elementor-widget-image img{vertical-align:middle;display:inline-block}<\/style>\t\t\t\t\t\t\t\t\t\t\t\t\t<a href=\"http:\/\/kathontravel.local\/wp-content\/uploads\/2023\/12\/IMG_4148_edited_edited.webp\">\n\t\t\t\t\t\t\t<img decoding=\"async\" src=\"https:\/\/www.kathontravel.com\/wp-content\/uploads\/2023\/12\/IMG_4148_edited_edited.webp\" title=\"IMG_4148_edited_edited\" alt=\"IMG_4148_edited_edited\" loading=\"lazy\" \/>\t\t\t\t\t\t\t\t<\/a>\n\t\t\t\t\t\t\t\t\t\t\t\t\t\t\t<\/div>\n\t\t\t\t<\/div>\n\t\t\t\t<div class=\"elementor-element elementor-element-c84bc65 elementor-widget elementor-widget-mkdf_custom_font\" data-id=\"c84bc65\" data-element_type=\"widget\" data-widget_type=\"mkdf_custom_font.default\">\n\t\t\t\t<div class=\"elementor-widget-container\">\n\t\t\t<p class=\"mkdf-custom-font-holder  mkdf-cf-3061  \" style=\"font-family: EpicRide;font-size: 44px;letter-spacing: 0.1px;color: #000000\" data-item-class=\"mkdf-cf-3061\">\n\t\u201cMy best skill is understanding and explaining to clients that luxury doesn't always mean what they think it means.\u201d<\/p>\t\t<\/div>\n\t\t\t\t<\/div>\n\t\t\t\t\t<\/div>\n\t\t<\/div>\n\t\t\t\t\t\t\t<\/div>\n\t\t<\/section>\n\t\t\t\t\t<\/div>\n\t\t<\/div>\n\t\t\t\t\t\t\t<\/div>\n\t\t<\/section>\n\t\t\t\t<section class=\"elementor-section elementor-top-section elementor-element elementor-element-73a05b1 elementor-section-content-middle mkdf-row-grid-section\" data-id=\"73a05b1\" data-element_type=\"section\">\n\t\t\t\t\t\t<div class=\"elementor-container elementor-column-gap-\">\n\t\t\t\t\t<div class=\"elementor-column elementor-col-100 elementor-top-column elementor-element elementor-element-c3be295\" data-id=\"c3be295\" data-element_type=\"column\">\n\t\t\t<div class=\"elementor-widget-wrap elementor-element-populated\">\n\t\t\t\t\t\t\t\t<div class=\"elementor-element elementor-element-f43b768 elementor-widget elementor-widget-mkdf_section_title\" data-id=\"f43b768\" data-element_type=\"widget\" data-widget_type=\"mkdf_section_title.default\">\n\t\t\t\t<div class=\"elementor-widget-container\">\n\t\t\t<div class=\"mkdf-section-title-holder  mkdf-st-standard mkdf-st-title-left mkdf-st-normal-space \" >\n\t<div class=\"mkdf-st-inner\">\n\t\t\t\t\t<h2 class=\"mkdf-st-title\" >\n\t\t\t\tWHAT my clients SAY ABOUT ME\t\t\t<\/h2>\n\t\t\t\t\t\t\t<p class=\"mkdf-st-text\" style=\"color: #838383;font-size: 18px;line-height: 30px;margin-top: 20px\">\n\t\t\t\t\n\n\t\t\t<\/p>\n\t\t\t<\/div>\n<\/div>\t\t<\/div>\n\t\t\t\t<\/div>\n\t\t\t\t\t<\/div>\n\t\t<\/div>\n\t\t\t\t\t\t\t<\/div>\n\t\t<\/section>\n\t\t\t\t<section class=\"elementor-section elementor-top-section elementor-element elementor-element-7d626d5 mkdf-row-grid-section\" data-id=\"7d626d5\" data-element_type=\"section\">\n\t\t\t\t\t\t<div class=\"elementor-container elementor-column-gap-\">\n\t\t\t\t\t<div class=\"elementor-column elementor-col-100 elementor-top-column elementor-element elementor-element-1a967fa\" data-id=\"1a967fa\" data-element_type=\"column\">\n\t\t\t<div class=\"elementor-widget-wrap elementor-element-populated\">\n\t\t\t\t\t\t\t\t<div class=\"elementor-element elementor-element-ed6c7c7 elementor-widget elementor-widget-mkdf_testimonials\" data-id=\"ed6c7c7\" data-element_type=\"widget\" data-widget_type=\"mkdf_testimonials.default\">\n\t\t\t\t<div class=\"elementor-widget-container\">\n\t\t\t<div class=\"mkdf-testimonials-holder clearfix mkdf-testimonials-standard \">\n    <div class=\"mkdf-testimonials mkdf-owl-slider\" data-number-of-items=\"1\"   data-slider-speed=\"5000\" data-slider-speed-animation=\"600\"   >\n\n    Sorry, no posts matched your criteria.\n    <\/div>\n<\/div>\t\t<\/div>\n\t\t\t\t<\/div>\n\t\t\t\t\t<\/div>\n\t\t<\/div>\n\t\t\t\t\t\t\t<\/div>\n\t\t<\/section>\n\t\t\t\t\t\t\t<\/div>\n\t\t","protected":false},"excerpt":{"rendered":"<p>Bonjour! Planificateur, r\u00eaveur et voyageur. Depuis plus de 30 ans, je suis agent de voyage et grand voyageur. J&rsquo;ai \u00e9t\u00e9 une source utile pour ceux qui cherchent de l&rsquo;inspiration, des conseils et de l&rsquo;aide pour r\u00e9aliser leurs r\u00eaves de voyage. [&hellip;]<\/p>\n","protected":false},"author":1,"featured_media":0,"parent":0,"menu_order":0,"comment_status":"closed","ping_status":"closed","template":"full-width.php","meta":{"footnotes":""},"class_list":["post-10244","page","type-page","status-publish","hentry"],"_links":{"self":[{"href":"https:\/\/www.kathontravel.com\/fr\/wp-json\/wp\/v2\/pages\/10244","targetHints":{"allow":["GET"]}}],"collection":[{"href":"https:\/\/www.kathontravel.com\/fr\/wp-json\/wp\/v2\/pages"}],"about":[{"href":"https:\/\/www.kathontravel.com\/fr\/wp-json\/wp\/v2\/types\/page"}],"author":[{"embeddable":true,"href":"https:\/\/www.kathontravel.com\/fr\/wp-json\/wp\/v2\/users\/1"}],"replies":[{"embeddable":true,"href":"https:\/\/www.kathontravel.com\/fr\/wp-json\/wp\/v2\/comments?post=10244"}],"version-history":[{"count":3,"href":"https:\/\/www.kathontravel.com\/fr\/wp-json\/wp\/v2\/pages\/10244\/revisions"}],"predecessor-version":[{"id":10247,"href":"https:\/\/www.kathontravel.com\/fr\/wp-json\/wp\/v2\/pages\/10244\/revisions\/10247"}],"wp:attachment":[{"href":"https:\/\/www.kathontravel.com\/fr\/wp-json\/wp\/v2\/media?parent=10244"}],"curies":[{"name":"wp","href":"https:\/\/api.w.org\/{rel}","templated":true}]}}